{"id":395,"date":"2025-10-25T06:55:50","date_gmt":"2025-10-25T06:55:50","guid":{"rendered":"https:\/\/freimaurer-heide.de\/?page_id=395"},"modified":"2025-10-25T06:55:50","modified_gmt":"2025-10-25T06:55:50","slug":"geschichte-2","status":"publish","type":"page","link":"https:\/\/freimaurer-heide.de\/?page_id=395","title":{"rendered":"Geschichte"},"content":{"rendered":"\n<p>Die Freimaurerei in Deutschland hat eine jahrhunderte alte Geschichte und als eine Vereinigung die Traditionen pflegt, sammeln wir nat\u00fcrlich auch unsere Geschichte.<\/p>\n\n\n\n<p>Einige Ausz\u00fcge und k\u00fcrzere Darstellungen finden Sie auf den folgenden Seiten.<\/p>\n\n\n\n<p>Bei erweitertem Interesse empfehlen wir einen Besuch im Freimaurermuseum in St. Michaelisdonn unweit von Heide.<\/p>\n\n\n\n<p><a href=\"https:\/\/freimaurer-heide.de\/?page_id=14\" data-type=\"page\" data-id=\"14\" target=\"_blank\" rel=\"noreferrer noopener\">Die Geschichte unserer Heider Loge<\/a><\/p>\n\n\n\n<p><a href=\"https:\/\/freimaurer-heide.de\/?page_id=393\" data-type=\"page\" data-id=\"393\" target=\"_blank\" rel=\"noreferrer noopener\">Geschichte der Provinzialloge von Schleswig Holstein<\/a><\/p>\n\n\n\n<p><a href=\"https:\/\/freimaurer-museum.de\/\" data-type=\"link\" data-id=\"https:\/\/freimaurer-museum.de\/\" target=\"_blank\" rel=\"noreferrer noopener\">Freimaurermuseum St. Michaelisdonn<\/a><\/p>\n\n\n\n<p><\/p>\n","protected":false},"excerpt":{"rendered":"<p>Die Freimaurerei in Deutschland hat eine jahrhunderte alte Geschichte und als eine Vereinigung die Traditionen pflegt, sammeln wir nat\u00fcrlich auch unsere Geschichte. Einige Ausz\u00fcge und k\u00fcrzere Darstellungen finden Sie auf den folgenden Seiten. Bei erweitertem Interesse empfehlen wir einen Besuch<\/p>\n","protected":false},"author":1,"featured_media":0,"parent":0,"menu_order":0,"comment_status":"closed","ping_status":"closed","template":"","meta":{"footnotes":""},"class_list":["post-395","page","type-page","status-publish","hentry"],"_links":{"self":[{"href":"https:\/\/freimaurer-heide.de\/index.php?rest_route=\/wp\/v2\/pages\/395","targetHints":{"allow":["GET"]}}],"collection":[{"href":"https:\/\/freimaurer-heide.de\/index.php?rest_route=\/wp\/v2\/pages"}],"about":[{"href":"https:\/\/freimaurer-heide.de\/index.php?rest_route=\/wp\/v2\/types\/page"}],"author":[{"embeddable":true,"href":"https:\/\/freimaurer-heide.de\/index.php?rest_route=\/wp\/v2\/users\/1"}],"replies":[{"embeddable":true,"href":"https:\/\/freimaurer-heide.de\/index.php?rest_route=%2Fwp%2Fv2%2Fcomments&post=395"}],"version-history":[{"count":1,"href":"https:\/\/freimaurer-heide.de\/index.php?rest_route=\/wp\/v2\/pages\/395\/revisions"}],"predecessor-version":[{"id":396,"href":"https:\/\/freimaurer-heide.de\/index.php?rest_route=\/wp\/v2\/pages\/395\/revisions\/396"}],"wp:attachment":[{"href":"https:\/\/freimaurer-heide.de\/index.php?rest_route=%2Fwp%2Fv2%2Fmedia&parent=395"}],"curies":[{"name":"wp","href":"https:\/\/api.w.org\/{rel}","templated":true}]}}