{"id":36,"date":"2016-02-16T13:59:13","date_gmt":"2016-02-16T13:59:13","guid":{"rendered":"http:\/\/freimaurer-heide.de\/?page_id=36"},"modified":"2016-02-18T10:52:26","modified_gmt":"2016-02-18T10:52:26","slug":"die-alten-und-immer-neuen-pflichten-des-freimaurers","status":"publish","type":"page","link":"https:\/\/freimaurer-heide.de\/?page_id=36","title":{"rendered":"Die \u201ealten und immer neuen Pflichten\u201c des Freimaurers"},"content":{"rendered":"<p>&nbsp;<\/p>\n<p><strong>Freimaurerei hei\u00dft Dienst an der Menschheit.<br \/>\n<\/strong>Das bedeutet f\u00fcr den Freimaurer, in seine<a id=\"set-post-thumbnail\" class=\"thickbox\" title=\"Beitragsbild festlegen\" href=\"http:\/\/freimaurer-heide.de\/wp-admin\/media-upload.php?post_id=36&amp;type=image&amp;TB_iframe=1\"><img loading=\"lazy\" decoding=\"async\" class=\"attachment-266x266 size-266x266 alignright\" src=\"http:\/\/freimaurer-heide.de\/wp-content\/uploads\/2016\/02\/cropped-GzDT-Siegel-_sw_klar-270x270.jpg\" sizes=\"auto, (max-width: 266px) 100vw, 266px\" srcset=\"http:\/\/freimaurer-heide.de\/wp-content\/uploads\/2016\/02\/cropped-GzDT-Siegel-_sw_klar-150x150.jpg 150w, http:\/\/freimaurer-heide.de\/wp-content\/uploads\/2016\/02\/cropped-GzDT-Siegel-_sw_klar-300x300.jpg 300w, http:\/\/freimaurer-heide.de\/wp-content\/uploads\/2016\/02\/cropped-GzDT-Siegel-_sw_klar-270x270.jpg 270w, http:\/\/freimaurer-heide.de\/wp-content\/uploads\/2016\/02\/cropped-GzDT-Siegel-_sw_klar-192x192.jpg 192w, http:\/\/freimaurer-heide.de\/wp-content\/uploads\/2016\/02\/cropped-GzDT-Siegel-_sw_klar-180x180.jpg 180w, http:\/\/freimaurer-heide.de\/wp-content\/uploads\/2016\/02\/cropped-GzDT-Siegel-_sw_klar-32x32.jpg 32w, http:\/\/freimaurer-heide.de\/wp-content\/uploads\/2016\/02\/cropped-GzDT-Siegel-_sw_klar.jpg 512w\" alt=\"cropped-GzDT-Siegel-_sw_klar.jpg\" width=\"266\" height=\"266\" \/><\/a>m Handeln die besonderen Vorteile von Einzelnen oder von Gruppen dem Wohl der Menschheit unterzuordnen.<\/p>\n<p><strong>Freimaurerei geht von einer \u00fcbernat\u00fcrlichen Bindung des Menschen aus.<br \/>\n<\/strong> Das bedeutet f\u00fcr den Freimaurer, andere Religionen genauso zu achten, wie die eigene.<\/p>\n<p><strong>Freimaurerei pflegt Br\u00fcderlichkeit.<br \/>\n<\/strong> Das bedeutet f\u00fcr den Freimaurer, in jedem Mitmenschen einen Bruder zu sehen und ihn entsprechend zu behandeln.<\/p>\n<p><strong>Freimaurerei ist um das Gemeinwohl besorgt.<br \/>\n<\/strong> Das bedeutet f\u00fcr den Freimaurer, am politischen Leben in Staat und Gemeinde mitzuwirken.<\/p>\n<p><strong>Freimaurerei verpflichtet zur N\u00e4chstenliebe.<br \/>\n<\/strong> Das bedeutet f\u00fcr den Freimaurer, Hilfe f\u00fcr Arme, Schwache und Kranke nicht nur zu fordern, sondern auch selbst zu leisten.<\/p>\n<p><strong>Freimaurerei streitet f\u00fcr Freiheit.<br \/>\n<\/strong> Das bedeutet f\u00fcr den Freimaurer, seine Stimme gegen Not, Unrecht und Gewalt zu erheben, denn sie sind gleicherma\u00dfen Ursache und Wirkung jeglicher Unfreiheit.<\/p>\n<p><strong>Freimaurerei f\u00fchlt sich mit allen Menschen verbunden.<br \/>\n<\/strong> Das bedeutet f\u00fcr den Freimaurer, in Auseinandersetzungen mit anderen Menschen stets das Gemeinsame \u00fcber das Trennende zu stellen, also dem Schw\u00e4cheren gegen den St\u00e4rkeren, der Toleranz gegen die Gewalt, dem Recht gegen das Unrecht beizustehen.<\/p>\n<p><strong>Freimaurerei verlangt Duldsamkeit, doch nicht blindes Gew\u00e4hren lassen.<br \/>\n<\/strong> Das bedeutet f\u00fcr den Freimaurer, die Ansichten anderer nicht achselzuckend hinzunehmen, sondern sich mit ihnen auseinander zu setzen.<\/p>\n<p><strong>Freimaurerei h\u00e4lt den Widerstreit der Ansichten f\u00fcr unvermeidlich.<br \/>\n<\/strong> Das bedeutet f\u00fcr den Freimaurer, bei Auseinandersetzungen stets davon auszugehen, dass die Beweise der Gegenseite nicht weniger rechtm\u00e4\u00dfig sein k\u00f6nnen, weshalb es f\u00fcr ihn nur L\u00f6sungen geben kann, die keine Selbstaufgabe, weder der einen noch der anderen Seite verlangen und die ohne Gewaltanwendung durchzusetzen ist.<\/p>\n<p><strong>Freimaurerei bek\u00e4mpft Vorurteile.<\/strong><br \/>\nDas bedeutet f\u00fcr den Freimaurer, dass er st\u00e4ndig bem\u00fcht sein muss, sich und andere durch aufkl\u00e4rerisches Wissen aus der Sklaverei der Vorurteile zu befreien, denn sie allein verhindern, dass sich alle Menschen verbunden f\u00fchlen und ihre unvermeidlichen Streitf\u00e4lle menschenw\u00fcrdig l\u00f6sen.<\/p>\n<p><strong>Freimaurerei will Fortschritt.<br \/>\n<\/strong> Das bedeutet f\u00fcr den Freimaurer, sich mit der Welt, so wie sie ist, nicht abzufinden, vom \u00dcberkommenden zu bewahren, was f\u00fcr jede Weltordnung unentbehrlich ist und einer Welt den Weg zu bereiten, die menschenw\u00fcrdiger ist als die Welt von heute.<\/p>\n<p><strong>Freimaurerei will Gerechtigkeit.<br \/>\n<\/strong> Das bedeutet f\u00fcr den Freimaurer, dass er \u00fcberall dort aus eigenem Antrieb helfend eingreifen wird, wo sich nat\u00fcrliche oder k\u00fcnstliche Ungerechtigkeiten der menschenw\u00fcrdigen Entwicklung des Einzelnen entgegen stellen.<\/p>\n<p><strong>Freimaurerei f\u00fchrt zur Selbsterkenntnis.<br \/>\n<\/strong> Das bedeutet f\u00fcr den Freimaurer, sich der freimaurerischen Lehre zu \u00f6ffnen, nach der die feierliche Arbeit im Tempel dazu dient, den kritischen Blick auf sich selbst zu richten, um in sich selbst zu blicken.<\/p>\n<p><strong>Freimaurerei ist eine Initiationsgemeinschaft.<br \/>\n<\/strong> Das bedeutet f\u00fcr den Freimaurer, dass er in seiner Loge gemeinsam mit anderen den G<\/p>\n<p class=\"hide-if-no-js\">\n<p>eist der Br\u00fcderlichkeit bewahrt und beschw\u00f6rt, damit Geist und Erkenntnis jedem \u2013 ungeachtet aller Unterschiede des Herkommens, der politischen Meinung, der pers\u00f6nlichen Neigungen, des religi\u00f6sen Bekenntnisses \u2013 zu Leitmotiv und Richtschnur seines Handelns werden.<\/p>\n<p><strong>Freimaurerei wirkt durch den Einzelnen.<br \/>\n<\/strong> Das bedeutet f\u00fcr den Freimaurer, dass er seine Verantwortung f\u00fcr die Gemeinschaft aller Menschen niemals und nirgends auf andere \u2013 ob Einzelne, ob Gruppen oder Institutionen \u2013 abschiebt, sondern sich das unver\u00e4u\u00dferliche Recht auf freie Mitentscheidung bewahrt. Freimaurerei geht davon aus, dass der einzelne Mensch ohne die Menschheit als Ganzes, die Menschheit als Ganzes nichts ohne den einzelnen Menschen ist: So steht jeder Mensch und jeder Mitmensch f\u00fcr die ganze Menschheit.<br \/>\nDiese Wahrheit nicht nur dem Verstand, sondern auch dem Herzen eines jeden Menschen zu vermitteln: darin liegt ein Geheimnis der freimaurerischen Arbeit begr\u00fcndet.<\/p>\n","protected":false},"excerpt":{"rendered":"<p>&nbsp; Freimaurerei hei\u00dft Dienst an der Menschheit. Das bedeutet f\u00fcr den Freimaurer, in seinem Handeln die besonderen Vorteile von Einzelnen oder von Gruppen dem Wohl der Menschheit unterzuordnen. Freimaurerei geht von einer \u00fcbernat\u00fcrlichen Bindung des Menschen aus. Das bedeutet f\u00fcr<\/p>\n","protected":false},"author":1,"featured_media":101,"parent":19,"menu_order":0,"comment_status":"closed","ping_status":"closed","template":"","meta":{"footnotes":""},"class_list":["post-36","page","type-page","status-publish","has-post-thumbnail","hentry"],"_links":{"self":[{"href":"https:\/\/freimaurer-heide.de\/index.php?rest_route=\/wp\/v2\/pages\/36","targetHints":{"allow":["GET"]}}],"collection":[{"href":"https:\/\/freimaurer-heide.de\/index.php?rest_route=\/wp\/v2\/pages"}],"about":[{"href":"https:\/\/freimaurer-heide.de\/index.php?rest_route=\/wp\/v2\/types\/page"}],"author":[{"embeddable":true,"href":"https:\/\/freimaurer-heide.de\/index.php?rest_route=\/wp\/v2\/users\/1"}],"replies":[{"embeddable":true,"href":"https:\/\/freimaurer-heide.de\/index.php?rest_route=%2Fwp%2Fv2%2Fcomments&post=36"}],"version-history":[{"count":8,"href":"https:\/\/freimaurer-heide.de\/index.php?rest_route=\/wp\/v2\/pages\/36\/revisions"}],"predecessor-version":[{"id":109,"href":"https:\/\/freimaurer-heide.de\/index.php?rest_route=\/wp\/v2\/pages\/36\/revisions\/109"}],"up":[{"embeddable":true,"href":"https:\/\/freimaurer-heide.de\/index.php?rest_route=\/wp\/v2\/pages\/19"}],"wp:featuredmedia":[{"embeddable":true,"href":"https:\/\/freimaurer-heide.de\/index.php?rest_route=\/wp\/v2\/media\/101"}],"wp:attachment":[{"href":"https:\/\/freimaurer-heide.de\/index.php?rest_route=%2Fwp%2Fv2%2Fmedia&parent=36"}],"curies":[{"name":"wp","href":"https:\/\/api.w.org\/{rel}","templated":true}]}}