{"id":19,"date":"2016-02-11T14:00:06","date_gmt":"2016-02-11T14:00:06","guid":{"rendered":"http:\/\/freimaurer-heide.de\/?page_id=19"},"modified":"2016-02-18T20:40:59","modified_gmt":"2016-02-18T20:40:59","slug":"warum-freimaurerei","status":"publish","type":"page","link":"https:\/\/freimaurer-heide.de\/?page_id=19","title":{"rendered":"Warum Freimaurerei?"},"content":{"rendered":"<p>Eine Frage, die wir nicht so einfach beantworten k\u00f6nnen.<\/p>\n<div class=\"grid_6 scrollbars\">\n<div id=\"description\" class=\"scroll\">\n<h1>Wer kann Freimaurer werden?<\/h1>\n<p>Es gibt wohl kaum jemanden, der im Umkreis seiner Familie, seines Berufes und seiner Freunde ausreichend Gelegenheit hat, um \u00fcber sich selbst, seinen tieferen Ursprung, \u00fcber seine Bestimmung, also \u00fcber den Sinn seines Lebens intensiver nachzudenken und dar\u00fcber mit \u00e4hnlich Gesinnten zu sprechen.<br \/>\nPers\u00f6nliches Wissen, Nachschlagewerke, das Internet oder gelehrte Vortr\u00e4ge reichen einfach nicht aus, um dr\u00e4ngende Fragen stellen und befriedigende Antworten erhalten zu k\u00f6nnen. Das trifft letztlich jeden, v\u00f6llig unabh\u00e4ngig von Alter, Beruf oder Bildung.<br \/>\nFreimaurerei repr\u00e4sentiert daher Freiberufler, Fach- und F\u00fchrungskr\u00e4fte, Akademiker, Angestellte, Kaufleute und Handwerker, sowie freischaffende K\u00fcnstler und Studenten. Schlie\u00dft man sich jedoch einer Freimaurerloge an, gibt es gute Chancen, um im Kreise aufgeschlossener M\u00e4nner und auf der Basis uralten Wissens und Verstehens \u2013 ohne jegliche negative Nachwirkungen f\u00fcr das Alltagsleben \u2013 nachzufragen und neue Erkenntnisse zu genie\u00dfen. Und dies \u00fcber die heimatlichen Grenzen hinaus, als Mitglied einer weltweiten Bruderkette, deren T\u00fcren jederzeit ihren Angeh\u00f6rigen offen stehen.<\/p>\n<p>Freimaurer begegnen Menschen mit Achtung und sind bestrebt, auf ethischen Werten eine Bruderschaft zu bilden. Dabei sind weder Stand noch Ansehen oder Verm\u00f6gen entscheidend, allein die Pers\u00f6nlichkeit ist es die z\u00e4hlt. Auch Beruf und Alter sind nicht ma\u00dfgeblich. Freimaurer begegnen einander auf gleicher Ebene.<br \/>\nStreit \u00fcber Politik und Religion haben daher in der Loge nichts verloren, sondern vielmehr der intensive Gedankenaustausch, das gemeinsame Erleben und auch die rituellen Arbeiten.<\/p>\n<p>Jeder \u201efreie Mann von gutem Ruf\u201c kann Freimaurer werden. Wer den Sinnfragen des Lebens offen und suchend gegen\u00fcber steht, ein Grundverst\u00e4ndnis f\u00fcr Symbole mitbringt und bereit ist, sich in einem Lebensbund in Freundschaft und Br\u00fcderlichkeit f\u00fcr das Miteinander einzusetzen, kann Freimaurer werden und ist uns herzlich willkommen.<\/p>\n<\/div>\n<\/div>\n<p style=\"text-align: left;\">Jeder muss sich seine eigene Meinung zum <strong>warum<\/strong> bilden.<br \/>\nFreimaurer wird man aus eigenem Antrieb heraus, es gibt also nicht den einen Grund sich unserer Bruderschaft anzuschlie\u00dfen. Wir geben gerne Hilfestellung und beantworten ihre Fragen. Nehmen Sie doch mit uns Kontakt auf und besuchen Sie am Besten unsere G\u00e4steabende, damit wir uns kennenlernen k\u00f6nnen.<\/p>\n<p><a id=\"set-post-thumbnail\" class=\"thickbox\" title=\"Beitragsbild festlegen\" href=\"http:\/\/freimaurer-heide.de\/wp-admin\/media-upload.php?post_id=19&amp;type=image&amp;TB_iframe=1\"><img loading=\"lazy\" decoding=\"async\" class=\"attachment-266x266 size-266x266 alignright\" src=\"http:\/\/freimaurer-heide.de\/wp-content\/uploads\/2016\/02\/Schaukasten-innen-768x432.jpg\" sizes=\"auto, (max-width: 266px) 100vw, 266px\" srcset=\"http:\/\/freimaurer-heide.de\/wp-content\/uploads\/2016\/02\/Schaukasten-innen-300x169.jpg 300w, http:\/\/freimaurer-heide.de\/wp-content\/uploads\/2016\/02\/Schaukasten-innen-768x432.jpg 768w, http:\/\/freimaurer-heide.de\/wp-content\/uploads\/2016\/02\/Schaukasten-innen-1024x576.jpg 1024w\" alt=\"Schaukasten innen\" width=\"266\" height=\"150\" \/><\/a><strong><a href=\"http:\/\/freimaurer-heide.de\/?page_id=39\">Was ist Freimaurerei? <\/a><\/strong><\/p>\n<p><strong><a href=\"http:\/\/freimaurer-heide.de\/?page_id=36\">Die Rechte und Pflichten des Freimaurers.<\/a><\/strong><\/p>\n<p>&nbsp;<\/p>\n","protected":false},"excerpt":{"rendered":"<p>Eine Frage, die wir nicht so einfach beantworten k\u00f6nnen. Wer kann Freimaurer werden? Es gibt wohl kaum jemanden, der im Umkreis seiner Familie, seines Berufes und seiner Freunde ausreichend Gelegenheit hat, um \u00fcber sich selbst, seinen tieferen Ursprung, \u00fcber seine<\/p>\n","protected":false},"author":1,"featured_media":72,"parent":0,"menu_order":0,"comment_status":"closed","ping_status":"closed","template":"","meta":{"footnotes":""},"class_list":["post-19","page","type-page","status-publish","has-post-thumbnail","hentry"],"_links":{"self":[{"href":"https:\/\/freimaurer-heide.de\/index.php?rest_route=\/wp\/v2\/pages\/19","targetHints":{"allow":["GET"]}}],"collection":[{"href":"https:\/\/freimaurer-heide.de\/index.php?rest_route=\/wp\/v2\/pages"}],"about":[{"href":"https:\/\/freimaurer-heide.de\/index.php?rest_route=\/wp\/v2\/types\/page"}],"author":[{"embeddable":true,"href":"https:\/\/freimaurer-heide.de\/index.php?rest_route=\/wp\/v2\/users\/1"}],"replies":[{"embeddable":true,"href":"https:\/\/freimaurer-heide.de\/index.php?rest_route=%2Fwp%2Fv2%2Fcomments&post=19"}],"version-history":[{"count":9,"href":"https:\/\/freimaurer-heide.de\/index.php?rest_route=\/wp\/v2\/pages\/19\/revisions"}],"predecessor-version":[{"id":116,"href":"https:\/\/freimaurer-heide.de\/index.php?rest_route=\/wp\/v2\/pages\/19\/revisions\/116"}],"wp:featuredmedia":[{"embeddable":true,"href":"https:\/\/freimaurer-heide.de\/index.php?rest_route=\/wp\/v2\/media\/72"}],"wp:attachment":[{"href":"https:\/\/freimaurer-heide.de\/index.php?rest_route=%2Fwp%2Fv2%2Fmedia&parent=19"}],"curies":[{"name":"wp","href":"https:\/\/api.w.org\/{rel}","templated":true}]}}