{"id":14,"date":"2016-02-11T13:51:02","date_gmt":"2016-02-11T13:51:02","guid":{"rendered":"http:\/\/freimaurer-heide.de\/?page_id=14"},"modified":"2025-10-25T06:40:26","modified_gmt":"2025-10-25T06:40:26","slug":"geschichte","status":"publish","type":"page","link":"https:\/\/freimaurer-heide.de\/?page_id=14","title":{"rendered":"Geschichte unserer Heider Loge"},"content":{"rendered":"<p>Dithmarschens Freimaurerei hat ihren Ursprung in der seit 1796 in Altona arbeitenden Loge \u201e<a title=\"Carl zum Felsen\" href=\"http:\/\/www.loge-carl-zum-felsen.de\/\" target=\"_blank\" rel=\"noopener noreferrer\">Carl zum Felsen<\/a>\u201c, die unter der Konstitution der Gro\u00dfloge von D\u00e4nemark gegr\u00fcndet wurde und 1866 zur Gro\u00dfen Landesloge von Deutschland \u00fcberwechselte. Die Loge \u201eCarl zum Felsen\u201c z\u00e4hlte schon im Jahr 1866 238 Mitglieder die nicht nur in Altona oder der n\u00e4heren Umgebung wohnten, sondern zu dieser Zeit \u00fcber die gesamte Provinz verteilt waren. Die Ausstrahlung dieser Br\u00fcder erm\u00f6glichte die Logengr\u00fcndungen der Loge \u201e<a class=\"new\" title=\"Nordstern (Seite nicht vorhanden)\" href=\"http:\/\/www.freimaurer-rendsburg.de\" target=\"_blank\" rel=\"noopener noreferrer\">Nordstern<\/a>\u201c in Rendsburg im Jahre 1865, der Loge \u201e<a title=\"Alma an der Ostsee\" href=\"http:\/\/www.freimaurer-kiel.de\/\" target=\"_blank\" rel=\"noopener noreferrer\">Alma an der Ostsee<\/a>\u201c in Kiel 1866 und im Jahre 1867 gr\u00fcndeten Br\u00fcder dieser Loge in Gl\u00fcckstadt an der Elbe die Loge \u201e<a class=\"new\" title=\"Wilhelm zum gekr\u00f6nten Anker (Seite nicht vorhanden)\" href=\"http:\/\/www.freimaurer-itzehoe.de\/wb\/pages\/home.php\" target=\"_blank\" rel=\"noopener noreferrer\">Wilhelm zum gekr\u00f6nten Anker<\/a>\u201c, die dann sp\u00e4ter nach Itzehoe verzog, weil Itzehoe als Kreis- und Garnisonstadt doch manche Vorteile bot. Unter dem Schutz der Gl\u00fcckst\u00e4dter Loge wurde dann bereits 1874 in Marne ein Maurerkr\u00e4nzchen gegr\u00fcndet aus dem dann am 17. Februar 1881 die Loge \u201e<a title=\"Ditmarsia\" href=\"http:\/\/www.ditmarsia.com\/\" target=\"_blank\" rel=\"noopener noreferrer\">Ditmarsia<\/a>\u201c entstand. Traditionsbewusst, wie man zu der Zeit besonders war, war der Gr\u00fcndungstag auch der Gedenktag der Schlacht bei Hemmingstedt am 17. Februar 1500. Eine Anzahl Br\u00fcder der \u201eDitmarsia\u201c hatte ihren Wohnsitz in Heide und Umgebung. Diese Br\u00fcder hatten am 12. November 1880 in Heide den \u201eGeselligen Verein Ditmarsia f\u00fcr Freimaurer&#8220; gegr\u00fcndet. Aus Mitgliederverzeichnissen der Jahre 1898 und 1913 ist das freimaurerische Leben um die Jahrhundertwende im Dithmarscher Raum gut ablesbar. Die Mitgliederzahl der Marner Loge \u201eDitmarsia\u201c vergr\u00f6sserte sich st\u00e4ndig und hatte um das Jahr 1930 \u00fcber 180 Mitglieder zu verzeichnen.<\/p>\n<p style=\"text-align: left;\">27 Br\u00fcder gr\u00fcndeten dann am 02. November 1930 in Heide die Johannisloge \u201cGeorg zur Dithmarscher Treue\u201c. Die Br\u00fcder w\u00e4hlten dann den Studienrat Dr. Georg <a id=\"set-post-thumbnail\" class=\"thickbox\" title=\"Beitragsbild festlegen\" href=\"http:\/\/freimaurer-heide.de\/wp-admin\/media-upload.php?post_id=14&amp;type=image&amp;TB_iframe=1\"><img loading=\"lazy\" decoding=\"async\" class=\"attachment-266x266  alignleft\" src=\"http:\/\/freimaurer-heide.de\/wp-content\/uploads\/2016\/02\/Noelges-618x1024.jpg\" alt=\"Noelges\" width=\"103\" height=\"171\" \/><\/a>N\u00f6ldeke zum Logenmeister.<\/p>\n<p>Er war es dann auch, der nach der Schlie\u00dfung der Logen in Deutschland durch den Nationalsozialismus, erreichte, dass die Wiederaufnahme der Arbeiten im Jahre 1945 von statten gingen. Das eigene alte Logenhaus \u2013 enteignet 1935, konnte nicht wieder erlangt werden. Mit Hilfe der englischen Besatzungsmacht fand dann am 19. M\u00e4rz 1948 die Wiederer\u00f6ffnung der Loge mit 24 Br\u00fcdern unter dem Vorsitzenden Meister, Bruder N\u00f6ldeke, statt. Nach zahlreichen Umz\u00fcgen wurde 1976 zusammen mit den Br\u00fcdern der Druidenloge \u201e<a class=\"new\" title=\"Marsentreue (Seite nicht vorhanden)\" href=\"http:\/\/www.druiden-orden.de\/748.html\" target=\"_blank\" rel=\"noopener noreferrer\">Marsentreue<\/a>\u201c das jetzige gemeinsame Logenhaus in der Feldstra\u00dfe mit sehr viel Eigenarbeit errichtet. In 2023 hat die Druidenloge leider ihre aktive Arbeit in Heide beendet. Wir sind nun allein im Heider Logenhaus aktiv und treffen uns hier ca. 20 x im Jahr zu Logenarbeiten und anderen Aktivit\u00e4ten.<\/p>\n<p><a href=\"http:\/\/freimaurer-heide.de\/wp-content\/uploads\/2015\/09\/Logenhaus-Heide-bis-1934.jpg\"><img loading=\"lazy\" decoding=\"async\" class=\"size-medium wp-image-176 alignnone\" src=\"http:\/\/freimaurer-heide.de\/wp-content\/uploads\/2015\/09\/Logenhaus-Heide-bis-1934-300x223.jpg\" alt=\"\" width=\"300\" height=\"223\" srcset=\"https:\/\/freimaurer-heide.de\/wp-content\/uploads\/2015\/09\/Logenhaus-Heide-bis-1934-300x223.jpg 300w, https:\/\/freimaurer-heide.de\/wp-content\/uploads\/2015\/09\/Logenhaus-Heide-bis-1934-768x571.jpg 768w, https:\/\/freimaurer-heide.de\/wp-content\/uploads\/2015\/09\/Logenhaus-Heide-bis-1934-1024x762.jpg 1024w, https:\/\/freimaurer-heide.de\/wp-content\/uploads\/2015\/09\/Logenhaus-Heide-bis-1934.jpg 1772w\" sizes=\"auto, (max-width: 300px) 100vw, 300px\" \/><\/a><a href=\"http:\/\/freimaurer-heide.de\/wp-content\/uploads\/2015\/09\/Logenhaus-Heide-seit-1976.jpg\"><img loading=\"lazy\" decoding=\"async\" class=\" wp-image-179 alignnone\" src=\"http:\/\/freimaurer-heide.de\/wp-content\/uploads\/2015\/09\/Logenhaus-Heide-seit-1976-300x211.jpg\" alt=\"\" width=\"304\" height=\"213\" srcset=\"https:\/\/freimaurer-heide.de\/wp-content\/uploads\/2015\/09\/Logenhaus-Heide-seit-1976-300x211.jpg 300w, https:\/\/freimaurer-heide.de\/wp-content\/uploads\/2015\/09\/Logenhaus-Heide-seit-1976-768x540.jpg 768w, https:\/\/freimaurer-heide.de\/wp-content\/uploads\/2015\/09\/Logenhaus-Heide-seit-1976-1024x720.jpg 1024w\" sizes=\"auto, (max-width: 304px) 100vw, 304px\" \/><\/a><\/p>\n<p>Heute gibt es in Dithmarschen 3 Freimaurerlogen: &#8222;<a href=\"http:\/\/www.ditmarsia.com\/\" target=\"_blank\" rel=\"noopener noreferrer\">Ditmarsia<\/a>&#8220; in Brunsb\u00fcttel, &#8222;<a href=\"http:\/\/www.freimaurer-stmichael.de\/\" target=\"_blank\" rel=\"noopener noreferrer\">St.Michael<\/a>&#8220; in St. Michaelisdonn und unsere Loge &#8220; Georg zur Dithmarscher Treue&#8220; in Heide.<\/p>\n<p>Au\u00dferdem gibt es in St.Michaelisdonn noch die Andreasloge &#8220; <a href=\"http:\/\/www.freimaurer-voluntas.de\/\" target=\"_blank\" rel=\"noopener noreferrer\">Voluntas<\/a>&#8220; und das <a href=\"http:\/\/www.freimaurer-museum.de\/\" target=\"_blank\" rel=\"noopener noreferrer\">Freimaurermuseum<\/a>.<\/p>\n<p><strong><a href=\"http:\/\/freimaurer-heide.de\/?page_id=51\">Ber\u00fchmte Freimaurer<\/a><\/strong><\/p>\n\n\n<p><\/p>\n","protected":false},"excerpt":{"rendered":"<p>Dithmarschens Freimaurerei hat ihren Ursprung in der seit 1796 in Altona arbeitenden Loge \u201eCarl zum Felsen\u201c, die unter der Konstitution der Gro\u00dfloge von D\u00e4nemark gegr\u00fcndet wurde und 1866 zur Gro\u00dfen Landesloge von Deutschland \u00fcberwechselte. Die Loge \u201eCarl zum Felsen\u201c z\u00e4hlte<\/p>\n","protected":false},"author":1,"featured_media":133,"parent":0,"menu_order":0,"comment_status":"closed","ping_status":"closed","template":"","meta":{"footnotes":""},"class_list":["post-14","page","type-page","status-publish","has-post-thumbnail","hentry"],"_links":{"self":[{"href":"https:\/\/freimaurer-heide.de\/index.php?rest_route=\/wp\/v2\/pages\/14","targetHints":{"allow":["GET"]}}],"collection":[{"href":"https:\/\/freimaurer-heide.de\/index.php?rest_route=\/wp\/v2\/pages"}],"about":[{"href":"https:\/\/freimaurer-heide.de\/index.php?rest_route=\/wp\/v2\/types\/page"}],"author":[{"embeddable":true,"href":"https:\/\/freimaurer-heide.de\/index.php?rest_route=\/wp\/v2\/users\/1"}],"replies":[{"embeddable":true,"href":"https:\/\/freimaurer-heide.de\/index.php?rest_route=%2Fwp%2Fv2%2Fcomments&post=14"}],"version-history":[{"count":17,"href":"https:\/\/freimaurer-heide.de\/index.php?rest_route=\/wp\/v2\/pages\/14\/revisions"}],"predecessor-version":[{"id":392,"href":"https:\/\/freimaurer-heide.de\/index.php?rest_route=\/wp\/v2\/pages\/14\/revisions\/392"}],"wp:featuredmedia":[{"embeddable":true,"href":"https:\/\/freimaurer-heide.de\/index.php?rest_route=\/wp\/v2\/media\/133"}],"wp:attachment":[{"href":"https:\/\/freimaurer-heide.de\/index.php?rest_route=%2Fwp%2Fv2%2Fmedia&parent=14"}],"curies":[{"name":"wp","href":"https:\/\/api.w.org\/{rel}","templated":true}]}}