{"id":117,"date":"2016-02-18T20:33:05","date_gmt":"2016-02-18T20:33:05","guid":{"rendered":"http:\/\/freimaurer-heide.de\/?page_id=117"},"modified":"2016-02-18T20:58:50","modified_gmt":"2016-02-18T20:58:50","slug":"der-freimaurer-orden","status":"publish","type":"page","link":"https:\/\/freimaurer-heide.de\/?page_id=117","title":{"rendered":"Der Freimaurer Orden"},"content":{"rendered":"<div class=\"grid_6 scrollbars\">\n<div id=\"description\" class=\"scroll\">\n<p style=\"text-align: left;\">Das Schwedische System nach Johann Kellner von Zinnendorf, in dem die Gro\u00dfe La<a id=\"set-post-thumbnail\" class=\"thickbox\" title=\"Beitragsbild festlegen\" href=\"http:\/\/freimaurer-heide.de\/wp-admin\/media-upload.php?post_id=117&amp;type=image&amp;TB_iframe=1\"><img loading=\"lazy\" decoding=\"async\" class=\"attachment-266x266 size-266x266 alignright\" src=\"http:\/\/freimaurer-heide.de\/wp-content\/uploads\/2016\/02\/Zinnendorf.jpg\" alt=\"Zinnendorf\" width=\"265\" height=\"218\" \/><\/a>ndesloge der Freimaurer von Deutschland arbeitet, wird auch Freimaurer Orden (FO) genannt. Anders als in der reinen blauen Maurerei z.B. nach A. F. u. A. M., der <span class=\"st\">Gro\u00dfloge der &#8222;Alten Freien und Angenommenen Maurer von Deutschland&#8220;, <\/span>ist der Orden nicht nur in drei Erkenntnisstufen aufgebaut, sondern seine gesamte Lehre erstreckt sich auf 10 Grade.<br \/>\nDie Br\u00fcder durchleben im Laufe ihres Maurerlebens diese Erkenntnisstufen und bringen sich dabei, angefangen als Lehrling, zunehmend in den Orden ein. Sie k\u00f6nnen sich tief in die Symbolik einarbeiten und nur der eigene Wille begrenzt dabei die eigene Erfahrungstiefe. Zu den blauen Johannis- logen (Grad 1-3) kommen noch die Andreaslogen (Grad 4-6) und die Kapitel (Grad 7-10). Die sogenannten Hochgrade anderer Gro\u00dflogen sind hier einheitlich zusammengefasst und bieten ein System aus einem Guss. Der Ordensgedanke erf\u00fcllt dabei den Geist der Logen und setzt auch ausdr\u00fccklich ein Bekenntnis zur \u201ereinen Lehre Jesu Christi wie sie in der Heiligen Schrift enthalten ist\u201c voraus. Denn schon in den Alten Pflichten von 1723 hei\u00dft es: \u201eDer Maurer ist als Maurer verpflichtet, dem Sittengesetz zu gehorchen; und wenn er die Kunst recht versteht, wird er weder ein engstirniger Gottesleugner, noch ein bindungsloser Freigeist sein\u201c. Ein Prinzip also, welches weltweit als Grundlage der Freimaurerei gilt, die Anerkennung eines h\u00f6heren Prinzips.<\/p>\n<p>Diesem Gedanken folgend ist der Freimaurer Orden auf die Grundlagen des Christentums begr\u00fcndet, setzt aber ausdr\u00fccklich keine Mitgliedschaft in einer Kirche o.\u00e4. voraus, pr\u00fcft weder den Glauben seiner Mitglieder und l\u00e4sst die Auslegung des obigen Bekenntnisses vollkommen frei. Angeh\u00f6rige aller Religionen sind im Freimaurer Orden willkommen.<\/p>\n<p>Ist das der Weg eines jeden Suchenden? Nein, es gibt Menschen denen dieser Ansatz nicht zusagt. Das ist in Ordnung. Es gibt andere Arten der Freimaurerei in denen das H\u00f6chste beliebig bleibt. Es lohnt sich, hier f\u00fcr die eigene Pers\u00f6nlichkeit den richtigen Weg zu finden und wir empfehlen jedem Suchenden sich zuvor auch anderswo kundig zu machen. Der Orden bietet in seiner Einzigartigkeit jedoch ein System, dass in Sch\u00f6nheit, Eleganz und des symbolischen Verst\u00e4ndnisses seines Gleichen sucht. Ein jeder entscheide jedoch nach Interesse, nach Neigung und nach Gewissen.<\/p>\n<p>Freimaurerei ist dogmenlos, auch wenn im Freimaurer Orden ein klares Bekenntnis erfolgt, dann nur, weil es sich bei den Lehren des Ordens um ein System der christlichen Mystik handelt, auf dessen Basis sich seine Mitglieder ein besseres gesellschaftliches Miteinander erhoffen und Selbstveredelung zu finden verm\u00f6gen. Freimaurerei ist keine Ersatzreligion und will das auch nicht sein. Der Glaube und auch politische \u00dcberzeugungen sind die Privatsache eines jeden Mitglieds und irrelevant f\u00fcr die Freimaurerei.<br \/>\nJede regul\u00e4re Lehrart der Freimaurerei findet damit ihre Berechtigung, wenn sie im Ziel des gemeinsamen Miteinanders vereint ist.<\/p>\n<\/div>\n<\/div>\n","protected":false},"excerpt":{"rendered":"<p>Das Schwedische System nach Johann Kellner von Zinnendorf, in dem die Gro\u00dfe Landesloge der Freimaurer von Deutschland arbeitet, wird auch Freimaurer Orden (FO) genannt. Anders als in der reinen blauen Maurerei z.B. nach A. F. u. A. M., der Gro\u00dfloge<\/p>\n","protected":false},"author":1,"featured_media":118,"parent":0,"menu_order":0,"comment_status":"closed","ping_status":"closed","template":"","meta":{"footnotes":""},"class_list":["post-117","page","type-page","status-publish","has-post-thumbnail","hentry"],"_links":{"self":[{"href":"https:\/\/freimaurer-heide.de\/index.php?rest_route=\/wp\/v2\/pages\/117","targetHints":{"allow":["GET"]}}],"collection":[{"href":"https:\/\/freimaurer-heide.de\/index.php?rest_route=\/wp\/v2\/pages"}],"about":[{"href":"https:\/\/freimaurer-heide.de\/index.php?rest_route=\/wp\/v2\/types\/page"}],"author":[{"embeddable":true,"href":"https:\/\/freimaurer-heide.de\/index.php?rest_route=\/wp\/v2\/users\/1"}],"replies":[{"embeddable":true,"href":"https:\/\/freimaurer-heide.de\/index.php?rest_route=%2Fwp%2Fv2%2Fcomments&post=117"}],"version-history":[{"count":2,"href":"https:\/\/freimaurer-heide.de\/index.php?rest_route=\/wp\/v2\/pages\/117\/revisions"}],"predecessor-version":[{"id":126,"href":"https:\/\/freimaurer-heide.de\/index.php?rest_route=\/wp\/v2\/pages\/117\/revisions\/126"}],"wp:featuredmedia":[{"embeddable":true,"href":"https:\/\/freimaurer-heide.de\/index.php?rest_route=\/wp\/v2\/media\/118"}],"wp:attachment":[{"href":"https:\/\/freimaurer-heide.de\/index.php?rest_route=%2Fwp%2Fv2%2Fmedia&parent=117"}],"curies":[{"name":"wp","href":"https:\/\/api.w.org\/{rel}","templated":true}]}}